{"id":732,"date":"2019-10-08T05:38:37","date_gmt":"2019-10-08T03:38:37","guid":{"rendered":"https:\/\/smartdata.tonytemplates.com\/childit\/?page_id=732"},"modified":"2022-01-05T16:48:42","modified_gmt":"2022-01-05T15:48:42","slug":"dotacja","status":"publish","type":"page","link":"https:\/\/kamyczekwprzedszkolu.pl\/index.php\/dotacja\/","title":{"rendered":"Dotacja"},"content":{"rendered":"<p><img decoding=\"async\" width=\"300\" height=\"100\" src=\"https:\/\/kamyczekwprzedszkolu.pl\/wp-content\/uploads\/2021\/08\/znaki_strona_www-1-300x100.png\" alt=\"\" loading=\"lazy\" srcset=\"https:\/\/kamyczekwprzedszkolu.pl\/wp-content\/uploads\/2021\/08\/znaki_strona_www-1-300x100.png 300w, https:\/\/kamyczekwprzedszkolu.pl\/wp-content\/uploads\/2021\/08\/znaki_strona_www-1-1024x341.png 1024w, https:\/\/kamyczekwprzedszkolu.pl\/wp-content\/uploads\/2021\/08\/znaki_strona_www-1-768x256.png 768w, https:\/\/kamyczekwprzedszkolu.pl\/wp-content\/uploads\/2021\/08\/znaki_strona_www-1-1536x511.png 1536w, https:\/\/kamyczekwprzedszkolu.pl\/wp-content\/uploads\/2021\/08\/znaki_strona_www-1-870x290.png 870w, https:\/\/kamyczekwprzedszkolu.pl\/wp-content\/uploads\/2021\/08\/znaki_strona_www-1.png 1751w\" sizes=\"auto, (max-width: 300px) 100vw, 300px\" \/>\t\t\t\t\t\t\t\t\t\t\t\t\t\t<\/p>\n<p>\u017b\u0142obek Kamyczek i Kamyczek II uzyska\u0142 wparcie finansowe na realizacj\u0119 zada\u0144 okre\u015blonych w Resortowym programie rozwoju instytucji opieki nad dzie\u0107mi w wieku do lat 3 Maluch+ i realizuje &#8222;Program Maluch+ 2021&#8221; na dofinansowanie miejsc opieki w \u017c\u0142obku.\u00a0<\/p>\n<p>\u017b\u0142obek Kamyczek uzyska\u0142 \u015brodki finansowe w formie dotacji celowej z bud\u017cetu pa\u0144stwa w wysoko\u015bci 72.000 z\u0142 zgodnie z klasyfikacj\u0105 bud\u017cetow\u0105: dzia\u0142 855 Rodzina; Rozdzia\u0142 85516 &#8211; System opieki nad dzie\u0107mi w wieku do lat 3; \u00a7 2830 Dotacja celowa z bud\u017cetu na finansowanie lub dofinansowanie zada\u0144 zleconych do realizacji pozosta\u0142ym jednostkom niezaliczanym do sektora finans\u00f3w publicznych, w kwocie 72.000 z\u0142.<\/p>\n<p>Dofinansowanie funkcjonowania 75 miejsc opieki dla dzieci z wy\u0142\u0105czeniem miejsc dla dzieci niepe\u0142nosprawnych lub wymagaj\u0105cej szczeg\u00f3lnej opieki przez okres 12 miesi\u0119cy.\u00a0<\/p>\n<p>\u017b\u0142obek Kamyczek II pozyska\u0142 r\u00f3wnie\u017c \u015brodki finansowe w formie dotacji celowej z bud\u017cetu pa\u0144stwa w wysoko\u015bci 24.000 z\u0142 zgodnie z klasyfikacj\u0105 bud\u017cetow\u0105: dzia\u0142 855 Rodzina; Rozdzia\u0142 85516 &#8211; System opieki nad dzie\u0107mi w wieku do lat 3; \u00a7 2830 Dotacja celowa z bud\u017cetu na finansowanie lub dofinansowanie zada\u0144 zleconych do realizacji pozosta\u0142ym jednostkom niezaliczanym do sektora finans\u00f3w publicznych, w kwocie 24.000 z\u0142.<\/p>\n<p>Dofinansowanie funkcjonowania 25 miejsc opieki dla dzieci z wy\u0142\u0105czeniem miejsc dla dzieci niepe\u0142nosprawnych lub wymagaj\u0105cej szczeg\u00f3lnej opieki przez okres 12 miesi\u0119cy.\u00a0<\/p>\n","protected":false},"excerpt":{"rendered":"<p>\u017b\u0142obek Kamyczek i Kamyczek II uzyska\u0142 wparcie finansowe na realizacj\u0119 zada\u0144 okre\u015blonych w Resortowym programie rozwoju instytucji opieki nad dzie\u0107mi w wieku do lat 3 Maluch+ i realizuje &#8222;Program Maluch+ [&hellip;]<\/p>\n","protected":false},"author":1,"featured_media":0,"parent":0,"menu_order":0,"comment_status":"closed","ping_status":"closed","template":"","meta":{"footnotes":""},"class_list":["post-732","page","type-page","status-publish","hentry"],"_links":{"self":[{"href":"https:\/\/kamyczekwprzedszkolu.pl\/index.php\/wp-json\/wp\/v2\/pages\/732","targetHints":{"allow":["GET"]}}],"collection":[{"href":"https:\/\/kamyczekwprzedszkolu.pl\/index.php\/wp-json\/wp\/v2\/pages"}],"about":[{"href":"https:\/\/kamyczekwprzedszkolu.pl\/index.php\/wp-json\/wp\/v2\/types\/page"}],"author":[{"embeddable":true,"href":"https:\/\/kamyczekwprzedszkolu.pl\/index.php\/wp-json\/wp\/v2\/users\/1"}],"replies":[{"embeddable":true,"href":"https:\/\/kamyczekwprzedszkolu.pl\/index.php\/wp-json\/wp\/v2\/comments?post=732"}],"version-history":[{"count":16,"href":"https:\/\/kamyczekwprzedszkolu.pl\/index.php\/wp-json\/wp\/v2\/pages\/732\/revisions"}],"predecessor-version":[{"id":2805,"href":"https:\/\/kamyczekwprzedszkolu.pl\/index.php\/wp-json\/wp\/v2\/pages\/732\/revisions\/2805"}],"wp:attachment":[{"href":"https:\/\/kamyczekwprzedszkolu.pl\/index.php\/wp-json\/wp\/v2\/media?parent=732"}],"curies":[{"name":"wp","href":"https:\/\/api.w.org\/{rel}","templated":true}]}}