{"id":2528,"date":"2021-04-22T22:00:00","date_gmt":"2021-04-22T20:00:00","guid":{"rendered":"https:\/\/kamyczekwprzedszkolu.pl\/?page_id=2528"},"modified":"2021-06-09T23:41:24","modified_gmt":"2021-06-09T21:41:24","slug":"kontakt","status":"publish","type":"page","link":"https:\/\/kamyczekwprzedszkolu.pl\/index.php\/kontakt\/","title":{"rendered":"Kontakt"},"content":{"rendered":"<h2>\u017b\u0142obek i Przedszkole<br \/>ul. Powsta\u0144c\u00f3w Wielkopolskich 6A<br \/><\/h2>\n<p>tel. 698 664 994<\/p>\n<p>email: info@kamyczekwprzedszkolu.pl<\/p>\n<p>\t\t\t<iframe frameborder=\"0\" scrolling=\"no\" marginheight=\"0\" marginwidth=\"0\" src=\"https:\/\/maps.google.com\/maps?q=Koszalin%2C%20ul.%20Powsta%C5%84c%C3%B3w%20Wielkopolskich%206A&amp;t=m&amp;z=17&amp;output=embed&amp;iwloc=near\" title=\"Koszalin, ul. Powsta\u0144c\u00f3w Wielkopolskich 6A\" aria-label=\"Koszalin, ul. Powsta\u0144c\u00f3w Wielkopolskich 6A\"><\/iframe>\t\t<\/p>\n<h2>Przedszkole <br \/>\nul. Wened\u00f3w 3<\/h2>\n<p>tel. 94 717 07 07<\/p>\n<p>email: biuro@kamyczekwprzedszkolu.pl<\/p>\n<p>\t\t\t<iframe frameborder=\"0\" scrolling=\"no\" marginheight=\"0\" marginwidth=\"0\" src=\"https:\/\/maps.google.com\/maps?q=Koszalin%2C%20ul.%20Wened%C3%B3w%203&amp;t=m&amp;z=17&amp;output=embed&amp;iwloc=near\" title=\"Koszalin, ul. Wened\u00f3w 3\" aria-label=\"Koszalin, ul. Wened\u00f3w 3\"><\/iframe><\/p>\n","protected":false},"excerpt":{"rendered":"<p>\u017b\u0142obek i Przedszkoleul. Powsta\u0144c\u00f3w Wielkopolskich 6A tel. 698 664 994 email: info@kamyczekwprzedszkolu.pl Przedszkole ul. Wened\u00f3w 3 tel. 94 717 07 07 email: biuro@kamyczekwprzedszkolu.pl<\/p>\n","protected":false},"author":1,"featured_media":2583,"parent":0,"menu_order":0,"comment_status":"closed","ping_status":"closed","template":"","meta":{"footnotes":""},"class_list":["post-2528","page","type-page","status-publish","has-post-thumbnail","hentry"],"_links":{"self":[{"href":"https:\/\/kamyczekwprzedszkolu.pl\/index.php\/wp-json\/wp\/v2\/pages\/2528","targetHints":{"allow":["GET"]}}],"collection":[{"href":"https:\/\/kamyczekwprzedszkolu.pl\/index.php\/wp-json\/wp\/v2\/pages"}],"about":[{"href":"https:\/\/kamyczekwprzedszkolu.pl\/index.php\/wp-json\/wp\/v2\/types\/page"}],"author":[{"embeddable":true,"href":"https:\/\/kamyczekwprzedszkolu.pl\/index.php\/wp-json\/wp\/v2\/users\/1"}],"replies":[{"embeddable":true,"href":"https:\/\/kamyczekwprzedszkolu.pl\/index.php\/wp-json\/wp\/v2\/comments?post=2528"}],"version-history":[{"count":42,"href":"https:\/\/kamyczekwprzedszkolu.pl\/index.php\/wp-json\/wp\/v2\/pages\/2528\/revisions"}],"predecessor-version":[{"id":2699,"href":"https:\/\/kamyczekwprzedszkolu.pl\/index.php\/wp-json\/wp\/v2\/pages\/2528\/revisions\/2699"}],"wp:featuredmedia":[{"embeddable":true,"href":"https:\/\/kamyczekwprzedszkolu.pl\/index.php\/wp-json\/wp\/v2\/media\/2583"}],"wp:attachment":[{"href":"https:\/\/kamyczekwprzedszkolu.pl\/index.php\/wp-json\/wp\/v2\/media?parent=2528"}],"curies":[{"name":"wp","href":"https:\/\/api.w.org\/{rel}","templated":true}]}}