{"id":141,"date":"2019-09-09T04:35:27","date_gmt":"2019-09-09T02:35:27","guid":{"rendered":"https:\/\/smartdata.tonytemplates.com\/childit\/?page_id=141"},"modified":"2021-06-09T23:40:54","modified_gmt":"2021-06-09T21:40:54","slug":"strona-glowna","status":"publish","type":"page","link":"https:\/\/kamyczekwprzedszkolu.pl\/","title":{"rendered":"Strona g\u0142\u00f3wna"},"content":{"rendered":"<p><!-- Begin main slier --><br \/>\n                                                                                                    <img decoding=\"async\" src=\"https:\/\/kamyczekwprzedszkolu.pl\/wp-content\/themes\/childit\/assets\/img\/lazy.png\" data-src=\"https:\/\/kamyczekwprzedszkolu.pl\/wp-content\/uploads\/2019\/09\/slider-ico.svg\" alt=\"img\"><\/p>\n<p>Szukasz \u017c\u0142obka lub przedszkola<\/p>\n<p>odpowiedniego<br \/>dla Twojego dziecka?<\/p>\n<picture><source type=\"image\/jpeg\" srcset=\"https:\/\/kamyczekwprzedszkolu.pl\/wp-content\/uploads\/2021\/04\/1strona-fala.jpg\"><img decoding=\"async\" src=\"https:\/\/kamyczekwprzedszkolu.pl\/wp-content\/uploads\/2021\/04\/1strona-fala.jpg\" alt=\"\">\n                                <\/picture>\n                                                                                                    <img decoding=\"async\" src=\"https:\/\/kamyczekwprzedszkolu.pl\/wp-content\/themes\/childit\/assets\/img\/lazy.png\" data-src=\"https:\/\/kamyczekwprzedszkolu.pl\/wp-content\/uploads\/2019\/09\/slider-ico-2.svg\" alt=\"img\"><\/p>\n<p>Idealne miejsce!<\/p>\n<p>gdzie nauka<br \/>spotyka si\u0119 z zabaw\u0105<\/p>\n<picture><source type=\"image\/jpeg\" srcset=\"https:\/\/kamyczekwprzedszkolu.pl\/wp-content\/uploads\/2021\/04\/1-strona-2-m.jpg\"><img decoding=\"async\" src=\"https:\/\/kamyczekwprzedszkolu.pl\/wp-content\/uploads\/2021\/04\/1-strona-2-m.jpg\" alt=\"\">\n                                <\/picture>\n            <!-- End main slier --><\/p>\n<section>\n                            <svg viewBox=\"0 0 526 502\" fill=\"none\" xmlns=\"http:\/\/www.w3.org\/2000\/svg\" xmlns:xlink=\"http:\/\/www.w3.org\/1999\/xlink\">\n                                <mask id=\"img1\" maskUnits=\"userSpaceOnUse\" x=\"0\" y=\"0\" width=\"526\" height=\"502\">\n                                    <path d=\"M51 8.49999C125.8 -21.9 276.833 39.8333 343 74.5C288.5 32.5 323 18.5 347 20.5C371 22.5 432.5 44.5 467.5 68C495.5 86.8 491.167 99.8333 485.5 104C489.333 108.333 499.7 121.5 510.5 139.5C524 162 532.5 183.5 517 210C504.6 231.2 446.833 231.833 421 229.5C419.667 229.5 422.4 233.9 444 251.5C471 273.5 495.5 299.5 493.5 330.5C491.9 355.3 436.833 363.833 409.5 365C410.5 368.5 409.8 376.9 399 382.5C388.2 388.1 355.833 387.5 341 386.5C364.167 399 410.3 428.9 409.5 448.5C408.5 473 386.5 492 344 488C301.5 484 238 444.5 250 452.5C262 460.5 280 481.5 271.5 492C263 502.5 236 504.5 216.5 496C197 487.5 81.5 440.5 67.5 397.5C53.5 354.5 83.5 367 81.5 359.5C79.5 352 53 346.5 25.5 293C3.50001 250.2 34.5 226.5 58 224.5C54.8333 224.5 40.3 217.8 23.5 191C6.7 164.2 25.8333 142.5 37.5 135C35.5 133.167 30.6 128.6 27 125C22.5 120.5 -42.5 46.5 51 8.49999Z\" fill=\"#C4C4C4\"\/>\n                                <\/mask>\n                                <g mask=\"url(#img1)\">\n                                    <rect y=\"-13\" width=\"750\" height=\"523\" fill=\"url(#pattern71)\"\/>\n                                <\/g>\n                                <defs>\n                                    <pattern id=\"pattern71\" patternContentUnits=\"objectBoundingBox\" width=\"1\" height=\"1\">\n                                        <use xlink:href=\"#for-img71\" transform=\"scale(0.00133333 0.00191205)\"\/>\n                                    <\/pattern>\n                                    <image id=\"for-img71\" width=\"750\" height=\"523\" xlink:href=\"https:\/\/kamyczekwprzedszkolu.pl\/wp-content\/uploads\/2021\/04\/przedszkole-1.jpg\"><\/image>\n                                <\/defs>\n                            <\/svg><\/p>\n<p>\n                                Odkrywamy, Rozwijamy, Towarzyszymy                            <\/p>\n<h2>\n                                Miejsce kt\u00f3re pokocha ka\u017cde dziecko                            <\/h2>\n<p>\n                            Kamyczek to presti\u017cowe przedszkole, kt\u00f3re spe\u0142ni oczekiwania najbardziej wymagaj\u0105cych rodzic\u00f3w i opiekun\u00f3w.<br \/>\nPriorytetem naszej dzia\u0142alno\u015bci jest prawdziwe indywidualne podej\u015bcie do ka\u017cdego przedszkolaczka, pocz\u0105wszy od opieki, higieny, \u017cywienia, edukacji po zabaw\u0119. Aby m\u00f3c go realizowa\u0107 potrzebna nam jest do\u015bwiadczona i pe\u0142na energii kadra, kt\u00f3r\u0105 posiadamy oraz zaanga\u017cowanie ze strony rodzic\u00f3w na kt\u00f3re bardzo liczymy.                         <\/p>\n<\/section>\n<p>\t\t\t<!-- Begin education-slier --><\/p>\n<section\n  data-src=\"https:\/\/kamyczekwprzedszkolu.pl\/wp-content\/uploads\/2019\/09\/blue-wave.png\"><\/p>\n<p>\n            Zapraszamy serdecznie          <\/p>\n<h2>\n            Nasze grupy wiekowe          <\/h2>\n<p>\n            Nasz \u017c\u0142obek to obecnie 5 grup, przedszkole liczy \u0142\u0105cznie 9. Ka\u017cda grupa ma swoj\u0105 indywidualn\u0105, przestronn\u0105 sal\u0119.           <\/p>\n<picture><source type=\"image\/jpeg\" srcset=\"https:\/\/kamyczekwprzedszkolu.pl\/wp-content\/uploads\/2019\/09\/zlobek-programy.jpg\"><img decoding=\"async\" src=\"https:\/\/kamyczekwprzedszkolu.pl\/wp-content\/uploads\/2019\/09\/zlobek-programy.jpg\" alt=\"img\">\n                <\/picture>\n<p>Przyjmujemy maluszk\u00f3w od roku do 3 lat. Ka\u017cdy dzie\u0144 oznacza kolejn\u0105 now\u0105 umiej\u0119tno\u015b\u0107 nabyt\u0105 przez dzieci. Na naszych oczach dzieci ucz\u0105 si\u0119 funkcjonowa\u0107 w grupie, stawiaj\u0105 pewne kroki i zapoznaj\u0105 si\u0119 z nowymi przedmiotami. Ka\u017cde dziecko to indywidualna, odr\u0119bna jednostka, kt\u00f3ra pragnie by\u0107 dostrze\u017cona i zrozumiana.<\/p>\n<\/p>\n<p>                    <a href=\"http:\/\/smartdata.tonytemplates.com\/childit\/programs\"\n                      tabindex=\"-1\"> <svg xmlns=\"http:\/\/www.w3.org\/2000\/svg\"\n                        width=\"9\" height=\"9\" viewBox=\"0 0 9 9\" fill=\"none\">\n                        <path\n                          d=\"M0.505883 5.20577L0.491834 5.2027L6.51423 5.2027L4.62101 7.10009C4.5283 7.19272 4.47745 7.31821 4.47745 7.44992C4.47745 7.58162 4.5283 7.70623 4.62101 7.79909L4.91559 8.09382C5.00823 8.18645 5.13166 8.23767 5.2633 8.23767C5.39501 8.23767 5.51852 8.18682 5.61115 8.09418L8.85649 4.84913C8.94949 4.75613 9.00035 4.63226 8.99998 4.50048C9.00035 4.36796 8.94949 4.24401 8.85649 4.15116L5.61115 0.905818C5.51852 0.813257 5.39508 0.76233 5.2633 0.76233C5.13166 0.76233 5.00823 0.813331 4.91559 0.905818L4.62101 1.20055C4.5283 1.29304 4.47745 1.41655 4.47745 1.54826C4.47745 1.67989 4.5283 1.79689 4.62101 1.88945L6.53559 3.79745L0.499152 3.79745C0.227908 3.79745 -1.94412e-05 4.03123 -1.94175e-05 4.30233L-1.93811e-05 4.71918C-1.93574e-05 4.99028 0.23464 5.20577 0.505883 5.20577Z\">\n                        <\/path>\n                      <\/svg><\/a><\/p>\n<p>\u017b\u0142obek 1-3lat<\/p>\n<p>              <!-- educational-1 -->\n                                                <picture><source type=\"image\/jpeg\" srcset=\"https:\/\/kamyczekwprzedszkolu.pl\/wp-content\/uploads\/2019\/09\/przedszkole-programy-2.jpg\"><img decoding=\"async\" src=\"https:\/\/kamyczekwprzedszkolu.pl\/wp-content\/uploads\/2019\/09\/przedszkole-programy-2.jpg\" alt=\"img\">\n                <\/picture>\n<p>Grupa przedszkolna dzieci od 3 roku \u017cycia do 6. Realizujemy program wychowawczo-dydaktyczny  odpowiadaj\u0105cego potrzebom i umiej\u0119tno\u015bciom dostosowanym do wieku naszych przedszkolak\u00f3w. Dbamy o harmonijny rozw\u00f3j oraz zapewniamy codzienny szcz\u0119\u015bliwy pobyt w grupie r\u00f3wie\u015bniczej.<\/p>\n<\/p>\n<p>                    <a href=\"http:\/\/smartdata.tonytemplates.com\/childit\/programs\"\n                      tabindex=\"-1\"> <svg xmlns=\"http:\/\/www.w3.org\/2000\/svg\"\n                        width=\"9\" height=\"9\" viewBox=\"0 0 9 9\" fill=\"none\">\n                        <path\n                          d=\"M0.505883 5.20577L0.491834 5.2027L6.51423 5.2027L4.62101 7.10009C4.5283 7.19272 4.47745 7.31821 4.47745 7.44992C4.47745 7.58162 4.5283 7.70623 4.62101 7.79909L4.91559 8.09382C5.00823 8.18645 5.13166 8.23767 5.2633 8.23767C5.39501 8.23767 5.51852 8.18682 5.61115 8.09418L8.85649 4.84913C8.94949 4.75613 9.00035 4.63226 8.99998 4.50048C9.00035 4.36796 8.94949 4.24401 8.85649 4.15116L5.61115 0.905818C5.51852 0.813257 5.39508 0.76233 5.2633 0.76233C5.13166 0.76233 5.00823 0.813331 4.91559 0.905818L4.62101 1.20055C4.5283 1.29304 4.47745 1.41655 4.47745 1.54826C4.47745 1.67989 4.5283 1.79689 4.62101 1.88945L6.53559 3.79745L0.499152 3.79745C0.227908 3.79745 -1.94412e-05 4.03123 -1.94175e-05 4.30233L-1.93811e-05 4.71918C-1.93574e-05 4.99028 0.23464 5.20577 0.505883 5.20577Z\">\n                        <\/path>\n                      <\/svg><\/a><\/p>\n<p>Przedszkole 3-6lat<\/p>\n<p>              <!-- educational-1 -->\n                                                <picture><source type=\"image\/jpeg\" srcset=\"https:\/\/kamyczekwprzedszkolu.pl\/wp-content\/uploads\/2019\/09\/zerowka.jpg\"><img decoding=\"async\" src=\"https:\/\/kamyczekwprzedszkolu.pl\/wp-content\/uploads\/2019\/09\/zerowka.jpg\" alt=\"img\">\n                <\/picture>\n<p>Mi\u0119dzy 6 a 7 rokiem \u017cycia, czyli mniej wi\u0119cej w zer\u00f3wce, w rozwoju dziecka dzieje si\u0119 naprawd\u0119 wiele. Maluch staje si\u0119 coraz bardziej rezolutny i rozwija si\u0119 na wielu p\u0142aszczyznach. Opanowane  umiej\u0119tno\u015bci oznaczaj\u0105, \u017ce dziecko osi\u0105gn\u0119\u0142o tak zwan\u0105 gotowo\u015b\u0107 szkoln\u0105 \u2013 i mo\u017ce p\u00f3j\u015b\u0107 do szko\u0142y. <\/p>\n<\/p>\n<p>                    <a href=\"http:\/\/smartdata.tonytemplates.com\/childit\/programs\"\n                      tabindex=\"-1\"> <svg xmlns=\"http:\/\/www.w3.org\/2000\/svg\"\n                        width=\"9\" height=\"9\" viewBox=\"0 0 9 9\" fill=\"none\">\n                        <path\n                          d=\"M0.505883 5.20577L0.491834 5.2027L6.51423 5.2027L4.62101 7.10009C4.5283 7.19272 4.47745 7.31821 4.47745 7.44992C4.47745 7.58162 4.5283 7.70623 4.62101 7.79909L4.91559 8.09382C5.00823 8.18645 5.13166 8.23767 5.2633 8.23767C5.39501 8.23767 5.51852 8.18682 5.61115 8.09418L8.85649 4.84913C8.94949 4.75613 9.00035 4.63226 8.99998 4.50048C9.00035 4.36796 8.94949 4.24401 8.85649 4.15116L5.61115 0.905818C5.51852 0.813257 5.39508 0.76233 5.2633 0.76233C5.13166 0.76233 5.00823 0.813331 4.91559 0.905818L4.62101 1.20055C4.5283 1.29304 4.47745 1.41655 4.47745 1.54826C4.47745 1.67989 4.5283 1.79689 4.62101 1.88945L6.53559 3.79745L0.499152 3.79745C0.227908 3.79745 -1.94412e-05 4.03123 -1.94175e-05 4.30233L-1.93811e-05 4.71918C-1.93574e-05 4.99028 0.23464 5.20577 0.505883 5.20577Z\">\n                        <\/path>\n                      <\/svg><\/a><\/p>\n<p>Zer\u00f3wka 6-7lat<\/p>\n<p>              <!-- educational-1 --><br \/>\n<\/section>\n<p><!-- End education-slier --><br \/>\n\t\t\t        <!-- Begin learning element --><\/p>\n<p>Edukacja przedszkolna<\/p>\n<h2>Program nauczania w naszym \u017c\u0142obku i przedszkolu                <\/h2>\n<p>Ka\u017cdy z nas wie, \u017ce program nauczania w \u017c\u0142obku i przedszkolu nie jest skupiony tylko na zabawie. Proponujemy naszym przedszkolakom warto\u015bciowe zaj\u0119cia, kt\u00f3re rozwijaj\u0105 sfery osobowo\u015bci i kszta\u0142tuj\u0105 konkretne umiej\u0119tno\u015bci wymagane dla danego wieku. <\/p>\n<p>Rodzice mog\u0105 by\u0107 spokojni, \u017ce program realizowany w grupie ich dziecka jest zgodny z wymogami i skonstruowany prawid\u0142owo pod wzgl\u0119dem wymaga\u0144 przygotowania do nauki w szkole.<\/p>\n<p>                                        <img decoding=\"async\" src=\"https:\/\/kamyczekwprzedszkolu.pl\/wp-content\/uploads\/2019\/09\/literacy.svg\" alt=\"\"><\/p>\n<p>J\u0119zyki<\/p>\n<p>                                        <img decoding=\"async\" src=\"https:\/\/kamyczekwprzedszkolu.pl\/wp-content\/uploads\/2021\/04\/muzyka.png\" alt=\"\"><\/p>\n<p>Rytmika<\/p>\n<p>                                        <img decoding=\"async\" src=\"https:\/\/kamyczekwprzedszkolu.pl\/wp-content\/uploads\/2021\/04\/taniec.png\" alt=\"\"><\/p>\n<p>Taniec<\/p>\n<p>                                        <img decoding=\"async\" src=\"https:\/\/kamyczekwprzedszkolu.pl\/wp-content\/uploads\/2021\/04\/piasek.png\" alt=\"\"><\/p>\n<p>Senso-<br \/>plastyka<\/p>\n<p>                                        <img decoding=\"async\" src=\"https:\/\/kamyczekwprzedszkolu.pl\/wp-content\/uploads\/2021\/04\/dog.png\" alt=\"\"><\/p>\n<p>Terapia<\/p>\n<p>                                        <img decoding=\"async\" src=\"https:\/\/kamyczekwprzedszkolu.pl\/wp-content\/uploads\/2021\/04\/logopedia.png\" alt=\"\"><\/p>\n<p>Logopedia<\/p>\n<p>                                        <img decoding=\"async\" src=\"https:\/\/kamyczekwprzedszkolu.pl\/wp-content\/uploads\/2021\/04\/gimnastyka.png\" alt=\"\"><\/p>\n<p>Gimnastyka<\/p>\n<h3>\n                                    Nasze<br \/>Aktywno\u015bci                             <\/h3>\n<h3>J\u0119zyki<\/h3>\n<p>J\u0119zyk angielski prowadzony jest we wszystkich grupach wiekowych. 2 razy w tygodniu zaj\u0119cia dla ka\u017cdej grupy.<br \/>\nJ\u0119zyk niemiecki w grupach przedszkolnych. <\/p>\n<h3>Rytmika<\/h3>\n<p>Rytmika prowadzona jest we wszystkich grupach \u017c\u0142obkowych. Zaj\u0119cia oparte s\u0105 na wszechstronnym do\u015bwiadczaniu i poznawaniu \u015bwiata d\u017awi\u0119k\u00f3w poprzez s\u0142uchanie muzyki, \u015bpiew i zabawy muzyczno-ruchowe. <\/p>\n<h3>Taniec<\/h3>\n<p>Nauczanie ta\u0144ca w przedszkolu polega na zaznajomieniu dziecka z muzyk\u0105 i ruchem. W formie zabawy przy muzyce pokazywane s\u0105 proste elementy ta\u0144ca. Taka forma nauki ma na celu przygotowanie dziecka pod wzgl\u0119dem fizycznym i psychicznym do nauki trudniejszych krok\u00f3w i ewentualnych choreografii.<\/p>\n<h3>Senso-<br \/>plastyka<\/h3>\n<p>Sensoplastyka to zaj\u0119cia rozwojowe dla dzieci w ka\u017cdym wieku. Naszym celem jest wspieranie rozwoju kompetencji poprzez przygotowanie przestrzeni oraz pomocy dziecku w jego tw\u00f3rczo\u015bci. <\/p>\n<h3>Terapia<\/h3>\n<p>Dogoterapia i alpakoterapia &#8211; Poprzez kontakt z psami i alpakami dzieci ucz\u0105 si\u0119 w\u0142a\u015bciwych postaw w stosunku do zwierz\u0105t oraz zasad bezpiecznego post\u0119powania z nimi. Zwierz\u0119ta pomagaj\u0105 te\u017c w rozwoju dzieci na r\u00f3\u017cnych p\u0142aszczyznach. <\/p>\n<h3>Logopedia<\/h3>\n<p>Zaj\u0119cia logopedyczne w starszych grupach obejmuj\u0105 wczesn\u0105 diagnoz\u0119 umiej\u0119tno\u015bci komunikacyjnych ka\u017cdego dziecka i w razie potrzeby korekcj\u0119 zaburze\u0144 mowy, a tak\u017ce szeroko rozumian\u0105 profilaktyk\u0119.<\/p>\n<h3>Gimnastyka<\/h3>\n<p>Gimnastyka profilaktyczna prowadzona jest we wszystkich grupach wiekowych. Podczas zaj\u0119\u0107 skupiamy si\u0119 na wyrabianiu prawid\u0142owej postawy cia\u0142a, podnoszeniu og\u00f3lnej sprawno\u015bci fizycznej dziecka oraz rozbudzaniu zami\u0142owania do dbania o w\u0142asne zdrowie. <\/p>\n<p>                            <img decoding=\"async\" src=\"https:\/\/kamyczekwprzedszkolu.pl\/wp-content\/themes\/childit\/assets\/img\/lazy.png\" data-src=\"https:\/\/kamyczekwprzedszkolu.pl\/wp-content\/themes\/childit\/assets\/img\/cloud.png\" alt=\"Cloud\"><br \/>\n        <!-- End learning element --><\/p>\n<section data-src=\"https:\/\/kamyczekwprzedszkolu.pl\/wp-content\/uploads\/2021\/04\/dziewczynka.png\">\n<h2>\n                            Tworzymy bezpieczne \u015brodowiskodla ka\u017cdego dziecka                        <\/h2>\n<p>\n                            W ci\u0105gu 9 lat \u015bwiadczenia edukacji na najwy\u017cszym poziomie wypracowali\u015bmy indywidualne podej\u015bcie do ka\u017cdego dziecka. Pomagaj\u0105 nam w tym ma\u0142e grupy (do 20 dzieci), obj\u0119te opiek\u0105 przez dw\u00f3ch nauczycieli wychowania przedszkolnego lub przez trzech i czterech wykwalifikowanych opiekun\u00f3w dzieci\u0119cych w \u017c\u0142obku. Dysponujemy salami z \u0142azienkami o powierzchni 100 m2.\n                        <\/p>\n<\/section>\n<p>\t\t\t        <!-- Begin advantage listing --><\/p>\n<section>\n<p>\n                                Co nas odr\u00f3\u017cnia od innych przedszkoli?                            <\/p>\n<h2>\n                                Dlaczego Kamyczek                            <\/h2>\n<ol>\n<li>\n<h5>Godziny pracy<\/h5>\n<p>Opiekujemy si\u0119 Waszymi pociechami od 6:30 do 17:00 <\/p>\n<\/li>\n<li>\n<h5>Ma\u0142e grupy<\/h5>\n<p>Nasze grupy nie przekraczaj\u0105 20 dzieci<\/p>\n<\/li>\n<li>\n<h5>Du\u017ce sale <\/h5>\n<p>Sale z \u0142azienkami o powierzchni 100 m2<\/p>\n<\/li>\n<li>\n<h5>Nowoczesne metody nauczania<\/h5>\n<p>Stosujemy metody  i techniki s\u0142u\u017c\u0105ce wspomaganiu wszechstronnego rozwoju dziecka.<\/p>\n<\/li>\n<li>\n<h5>Wspania\u0142a zabawa<\/h5>\n<p>Nauka przez zabaw\u0119. Zabaw\u0119 nie tylko w salach bo dysponujemy r\u00f3wnie\u017c dwoma placami zabaw (\u017c\u0142obek i przedszkole).<\/p>\n<\/li>\n<li>\n<h5>Zdrowe posi\u0142ki<\/h5>\n<p>Wszystkie posi\u0142ki dla naszych przedszkolak\u00f3w gotujemy na miejscu, w przedszkolnej kuchni.<\/p>\n<\/li>\n<\/ol>\n<\/section>\n<p>        <!-- End advantage listing --><br \/>\n\t\t\t<!-- Begin foods --><\/p>\n<section\n  data-src=\"https:\/\/kamyczekwprzedszkolu.pl\/wp-content\/uploads\/2019\/09\/gray_wave.svg\"><\/p>\n<p>\n            Dzieci potrzebuj\u0105 zdrowej, zbilansowanej diety          <\/p>\n<h2>\n            Kszta\u0142tujemy zdrowe nawyki jedzenia          <\/h2>\n<p>\n          Panie kucharki dbaj\u0105 o to, by dzieci by\u0142y najedzone i zadowolone. Respektujemy diety dzieci i \u017cyczenia Rodzic\u00f3w, dotycz\u0105ce jad\u0142ospisu.        <\/p>\n<p>            <img decoding=\"async\" src=\"https:\/\/kamyczekwprzedszkolu.pl\/wp-content\/uploads\/2019\/09\/fruits.png\" alt=\"\"><\/p>\n<p>Owoce<\/p>\n<p>            <img decoding=\"async\" src=\"https:\/\/kamyczekwprzedszkolu.pl\/wp-content\/uploads\/2019\/09\/vegetables.png\" alt=\"\"><\/p>\n<p>Warzywa<\/p>\n<p>            <img decoding=\"async\" src=\"https:\/\/kamyczekwprzedszkolu.pl\/wp-content\/uploads\/2019\/09\/grains.png\" alt=\"\"><\/p>\n<p>Ziarna<\/p>\n<p>          <svg viewBox=\"0 0 526 502\" fill=\"none\" xmlns=\"http:\/\/www.w3.org\/2000\/svg\"\n            xmlns:xlink=\"http:\/\/www.w3.org\/1999\/xlink\">\n            <mask id=\"img1-food\" maskUnits=\"userSpaceOnUse\" x=\"0\" y=\"0\" width=\"526\" height=\"502\">\n              <path\n                d=\"M51 8.49999C125.8 -21.9 276.833 39.8333 343 74.5C288.5 32.5 323 18.5 347 20.5C371 22.5 432.5 44.5 467.5 68C495.5 86.8 491.167 99.8333 485.5 104C489.333 108.333 499.7 121.5 510.5 139.5C524 162 532.5 183.5 517 210C504.6 231.2 446.833 231.833 421 229.5C419.667 229.5 422.4 233.9 444 251.5C471 273.5 495.5 299.5 493.5 330.5C491.9 355.3 436.833 363.833 409.5 365C410.5 368.5 409.8 376.9 399 382.5C388.2 388.1 355.833 387.5 341 386.5C364.167 399 410.3 428.9 409.5 448.5C408.5 473 386.5 492 344 488C301.5 484 238 444.5 250 452.5C262 460.5 280 481.5 271.5 492C263 502.5 236 504.5 216.5 496C197 487.5 81.5 440.5 67.5 397.5C53.5 354.5 83.5 367 81.5 359.5C79.5 352 53 346.5 25.5 293C3.50001 250.2 34.5 226.5 58 224.5C54.8333 224.5 40.3 217.8 23.5 191C6.7 164.2 25.8333 142.5 37.5 135C35.5 133.167 30.6 128.6 27 125C22.5 120.5 -42.5 46.5 51 8.49999Z\"\n                fill=\"#C4C4C4\" \/>\n            <\/mask>\n            <g mask=\"url(#img1-food)\">\n              <rect y=\"-13\" width=\"750\" height=\"523\" fill=\"url(#pattern53)\" \/>\n            <\/g>\n            <defs>\n              <pattern id=\"pattern53\" patternContentUnits=\"objectBoundingBox\" width=\"1\" height=\"1\">\n                <use xlink:href=\"#for-img53\" transform=\"scale(0.00133333 0.00191205)\" \/>\n              <\/pattern>\n              <image id=\"for-img53\" width=\"750\" height=\"523\" xlink:href=\"https:\/\/kamyczekwprzedszkolu.pl\/wp-content\/uploads\/2021\/04\/zdrowe2.jpg\">\n              <\/image>\n            <\/defs>\n          <\/svg><br \/>\n<\/section>\n<p><!-- End foods --><br \/>\n<!-- Begin latest news --><\/p>\n<section>\n<p>\n            Zobacz co nowego          <\/p>\n<h2>\n            Aktualno\u015bci          <\/h2>\n<p>                            <a href=\"https:\/\/kamyczekwprzedszkolu.pl\/index.php\/2021\/04\/13\/zawody\/\">\n                <picture><source type=\"image\/jpeg\" srcset=\"https:\/\/kamyczekwprzedszkolu.pl\/wp-content\/uploads\/2021\/04\/aktualnosci3-370x256.jpg\"><img decoding=\"async\" src=\"https:\/\/kamyczekwprzedszkolu.pl\/wp-content\/uploads\/2021\/04\/aktualnosci3-370x256.jpg\"\n                    alt=\"Img\">\n                <\/picture>\n              <\/a><\/p>\n<h4><a href=\"https:\/\/kamyczekwprzedszkolu.pl\/index.php\/2021\/04\/13\/zawody\/\">Zawody<\/a><\/h4>\n<p>Od dzi\u015b Odkrywcy wiedz\u0105, \u017ce ciocia Kamila nie jest tylko nauczycielem, aaaa&#8230; Le\u015bnikiem ?<br \/>\nDzi\u015b kr\u00f3tka historia o zawodzie i o pracy w lesie, a tak\u017ce jak nale\u017cy dba\u0107 o nasz las ??????\ufe0f??<\/p>\n<p>                  <a href=\"https:\/\/kamyczekwprzedszkolu.pl\/index.php\/2021\/04\/13\/zawody\/\" rel=\"bookmark\"><time datetime=\"2021-04-13T14:11:57+02:00\">13 kwietnia 2021<\/time><\/a><br \/>\n                            <a href=\"https:\/\/kamyczekwprzedszkolu.pl\/index.php\/2021\/04\/17\/poznajemy-kraje\/\">\n                <picture><source type=\"image\/jpeg\" srcset=\"https:\/\/kamyczekwprzedszkolu.pl\/wp-content\/uploads\/2021\/04\/aktualnosci2-370x256.jpg\"><img decoding=\"async\" src=\"https:\/\/kamyczekwprzedszkolu.pl\/wp-content\/uploads\/2021\/04\/aktualnosci2-370x256.jpg\"\n                    alt=\"Img\">\n                <\/picture>\n              <\/a><\/p>\n<h4><a href=\"https:\/\/kamyczekwprzedszkolu.pl\/index.php\/2021\/04\/17\/poznajemy-kraje\/\">Poznajemy kraje<\/a><\/h4>\n<p>Mistrzowie Wyobra\u017ani w tym tygodniu zapoznali si\u0119 z dwiema postaciami z literatury dzieci\u0119cej. Wszystko to w temacie odkrywania i podr\u00f3\u017cy.<\/p>\n<p>Kr\u00f3lik Feliks i zawarte w ksi\u0105\u017cce realne listy to \u015bwietna zabawa po\u0142\u0105czona z przemyceniem wiedzy o r\u00f3\u017cnych kontynentach, krajach i ciekawych miejscach.<\/p>\n<p>                  <a href=\"https:\/\/kamyczekwprzedszkolu.pl\/index.php\/2021\/04\/17\/poznajemy-kraje\/\" rel=\"bookmark\"><time datetime=\"2021-04-17T09:38:05+02:00\">17 kwietnia 2021<\/time><\/a><br \/>\n                            <a href=\"https:\/\/kamyczekwprzedszkolu.pl\/index.php\/2021\/04\/18\/wiosna-w-przedszkolu\/\">\n                <picture><source type=\"image\/jpeg\" srcset=\"https:\/\/kamyczekwprzedszkolu.pl\/wp-content\/uploads\/2021\/04\/aktualnosci-1-370x256.jpg\"><img decoding=\"async\" src=\"https:\/\/kamyczekwprzedszkolu.pl\/wp-content\/uploads\/2021\/04\/aktualnosci-1-370x256.jpg\"\n                    alt=\"Img\">\n                <\/picture>\n              <\/a><\/p>\n<h4><a href=\"https:\/\/kamyczekwprzedszkolu.pl\/index.php\/2021\/04\/18\/wiosna-w-przedszkolu\/\">Wiosna w przedszkolu<\/a><\/h4>\n<p>Wiosenny tydzie\u0144 u Odkrywc\u00f3w zako\u0144czony? Na koniec dzieci posia\u0142y przy swoich domkach rzezuszke?. Teraz czekamy, a\u017c w ich ogr\u00f3dkach wyrosn\u0105 pi\u0119kne ro\u015blinki \u2764\ufe0f. <\/p>\n<p>                  <a href=\"https:\/\/kamyczekwprzedszkolu.pl\/index.php\/2021\/04\/18\/wiosna-w-przedszkolu\/\" rel=\"bookmark\"><time datetime=\"2021-04-18T09:41:15+02:00\">18 kwietnia 2021<\/time><\/a><br \/>\n<\/section>\n<p><!-- End latest news --><\/p>\n","protected":false},"excerpt":{"rendered":"<p>Szukasz \u017c\u0142obka lub przedszkola odpowiedniegodla Twojego dziecka? Idealne miejsce! gdzie naukaspotyka si\u0119 z zabaw\u0105 Odkrywamy, Rozwijamy, Towarzyszymy Miejsce kt\u00f3re pokocha ka\u017cde dziecko Kamyczek to presti\u017cowe przedszkole, kt\u00f3re spe\u0142ni oczekiwania najbardziej [&hellip;]<\/p>\n","protected":false},"author":1,"featured_media":0,"parent":0,"menu_order":0,"comment_status":"closed","ping_status":"closed","template":"","meta":{"footnotes":""},"class_list":["post-141","page","type-page","status-publish","hentry"],"_links":{"self":[{"href":"https:\/\/kamyczekwprzedszkolu.pl\/index.php\/wp-json\/wp\/v2\/pages\/141","targetHints":{"allow":["GET"]}}],"collection":[{"href":"https:\/\/kamyczekwprzedszkolu.pl\/index.php\/wp-json\/wp\/v2\/pages"}],"about":[{"href":"https:\/\/kamyczekwprzedszkolu.pl\/index.php\/wp-json\/wp\/v2\/types\/page"}],"author":[{"embeddable":true,"href":"https:\/\/kamyczekwprzedszkolu.pl\/index.php\/wp-json\/wp\/v2\/users\/1"}],"replies":[{"embeddable":true,"href":"https:\/\/kamyczekwprzedszkolu.pl\/index.php\/wp-json\/wp\/v2\/comments?post=141"}],"version-history":[{"count":212,"href":"https:\/\/kamyczekwprzedszkolu.pl\/index.php\/wp-json\/wp\/v2\/pages\/141\/revisions"}],"predecessor-version":[{"id":2662,"href":"https:\/\/kamyczekwprzedszkolu.pl\/index.php\/wp-json\/wp\/v2\/pages\/141\/revisions\/2662"}],"wp:attachment":[{"href":"https:\/\/kamyczekwprzedszkolu.pl\/index.php\/wp-json\/wp\/v2\/media?parent=141"}],"curies":[{"name":"wp","href":"https:\/\/api.w.org\/{rel}","templated":true}]}}